{"id":688,"date":"2021-12-13T19:08:46","date_gmt":"2021-12-13T19:08:46","guid":{"rendered":"https:\/\/kinsley-demo.bslthemes.com\/?page_id=688"},"modified":"2024-08-08T04:15:30","modified_gmt":"2024-08-08T04:15:30","slug":"faq","status":"publish","type":"page","link":"https:\/\/cabanasdonramiro.com\/es\/faq\/","title":{"rendered":"Preguntas Frecuentes"},"content":{"rendered":"<div data-elementor-type=\"wp-page\" data-elementor-id=\"688\" class=\"elementor elementor-688\">\n\t\t\t\t<div class=\"elementor-element elementor-element-0421005 e-con-full e-flex e-con e-parent\" data-id=\"0421005\" data-element_type=\"container\" data-e-type=\"container\">\n\t\t<div class=\"elementor-element elementor-element-efaba3a e-con-full e-flex e-con e-child\" data-id=\"efaba3a\" data-element_type=\"container\" data-e-type=\"container\">\n\t\t\t\t<div class=\"elementor-element elementor-element-854b3c3 elementor-widget elementor-widget-kinsley-intro\" data-id=\"854b3c3\" data-element_type=\"widget\" data-e-type=\"widget\" data-widget_type=\"kinsley-intro.default\">\n\t\t\t\t<div class=\"elementor-widget-container\">\n\t\t\t\t\t\n    <!-- banner -->\n    <section class=\"knsl-banner-simple knsl-transition-bottom knsl-banner-white\">\n      \n\t  \n      <div class=\"container\">\n        <div class=\"row\">\n          <div class=\"col-lg-12\">\n\n            <div class=\"knsl-center knsl-title-frame title-pos-top\">\n                            <h1 class=\"knsl-title--h knsl-mb-20 knsl-h1-inner\">\n                <span >\n                    Preguntas Frecuentes                <\/span>\n              <\/h1>\n                                          <p class=\"knsl-text knsl-mb-30\">\n                <span >\n                    Estamos a su disposici\u00f3n para responder a sus preguntas                <\/span>\n              <\/p>\n              \n              \n            <\/div>\n\n          <\/div>\n        <\/div>\n      <\/div>\n    <\/section>\n    <!-- banner end -->\n\n\t\t\t\t\t\t<\/div>\n\t\t\t\t<\/div>\n\t\t\t\t<\/div>\n\t\t\t\t<\/div>\n\t\t<div class=\"elementor-element elementor-element-7f3ee2b e-con-full e-flex e-con e-parent\" data-id=\"7f3ee2b\" data-element_type=\"container\" data-e-type=\"container\">\n\t\t<div class=\"elementor-element elementor-element-1601c09 e-flex e-con-boxed e-con e-child\" data-id=\"1601c09\" data-element_type=\"container\" data-e-type=\"container\">\n\t\t\t\t\t<div class=\"e-con-inner\">\n\t\t<div class=\"elementor-element elementor-element-c89951b e-con-full e-flex e-con e-child\" data-id=\"c89951b\" data-element_type=\"container\" data-e-type=\"container\">\n\t\t\t\t<div class=\"elementor-element elementor-element-a1e8b05 elementor-widget elementor-widget-kinsley-faq-list\" data-id=\"a1e8b05\" data-element_type=\"widget\" data-e-type=\"widget\" data-widget_type=\"kinsley-faq-list.default\">\n\t\t\t\t<div class=\"elementor-widget-container\">\n\t\t\t\t\t\n\t\t<!-- faq -->\n\t\t\n\t\t\t\n\t\t\t<div class=\"row\" data-sticky-container>\n\t\t\t\t<div class=\"col-lg-3\">\n\t\t\t\t\t\t\t\t\t\t<!-- side form -->\n\t\t\t\t\t<div class=\"knsl-sticky knsl-stycky-left\" data-margin-top=\"110\">\n\t\t\t\t\t\t\t\t\t\t\t\t<h3 class=\"knsl-mb-30\">\n\t\t\t\t\t\t\t<span >\n\t\t\t\t\t\t\t\tCategor\u00edas\t\t\t\t\t\t\t<\/span>\n\t\t\t\t\t\t<\/h3>\n\t\t\t\t\t\t\t\t\t\t\t\t<ul class=\"knsl-side-menu\">\n\t\t\t\t\t\t\t\t\t\t\t\t\t\t<li><a href=\"#faq-44\" class=\"knsl-sm-link knsl-active\">Alojamiento<\/a><\/li>\n\t\t\t\t\t\t\t\t\t\t\t\t\t\t<li><a href=\"#faq-52\" class=\"knsl-sm-link\">Pago<\/a><\/li>\n\t\t\t\t\t\t\t\t\t\t\t\t\t\t<li><a href=\"#faq-59\" class=\"knsl-sm-link\">Servicios<\/a><\/li>\n\t\t\t\t\t\t\t\t\t\t\t\t\t<\/ul>\n\t\t\t\t\t<\/div>\n\t\t\t\t\t<!-- side form end -->\n\t\t\t\t\t\t\t\t\t<\/div>\n\t\t\t\t<div class=\"col-lg-9\">\n\t\t\t\t\t<section>\n\t\t\t\t\t\t\t\t\t\t\t\t<div id=\"accordion\">\n\t\t\t\t\t\t\t\t\t\t\t\t\t\t<h3 class=\"knsl-mb-30\">Alojamiento<\/h3>\n\t\t\t\t\t\t\t<div class=\"knsl-faq knsl-mb-60\" id=\"faq-44\">\n\t\t\t\t\t\t\t\t\n\n<div class=\"card\">\n\t<div class=\"card-header\" id=\"knsl-faqHeading-2045\">\n\t\t<div class=\"mb-0\">\n\t\t\t<h6 class=\"knsl-faq-title\" data-toggle=\"collapse\" data-target=\"#knsl-faqCollapse-2045\" data-aria-expanded=\"true\" data-aria-controls=\"knsl-faqCollapse-2045\">\n\t\t\t\t<span class=\"badge\">1<\/span>\n\t\t\t\t\u00bfC\u00f3mo hago una reservaci\u00f3n?\t\t\t<\/h6>\n\t\t<\/div>\n\t<\/div>\n\t<div id=\"knsl-faqCollapse-2045\" class=\"collapse\" aria-labelledby=\"knsl-faqHeading-2045\" data-parent=\"#accordion\">\n\t\t<div class=\"knsl-card-body\">\n\t\t\t\r\n<p>Puede hacerlo a trav\u00e9s de este sitio web en la p\u00e1gina de inicio o por otros medios como <a href=\"https:\/\/www.airbnb.co.cr\/rooms\/661150149761430429?adults=1&amp;children=0&amp;infants=0&amp;search_mode=regular_search&amp;check_in=2024-08-20&amp;check_out=2024-08-25&amp;source_impression_id=p3_1723089382_P3E2bTcgqGUo1KTE&amp;previous_page_section_name=1000&amp;federated_search_id=69eb7ed6-2218-48b0-aa5b-a97376e7c22c\" target=\"_blank\" rel=\"noopener\">Airbnb<\/a> o <a href=\"https:\/\/www.booking.com\/hotel\/cr\/cabanas-don-ramiro.es.html\" target=\"_blank\" rel=\"noopener\">Booking.com<\/a><\/p>\r\n\t\t<\/div>\n\t<\/div>\n<\/div>\n\n\n<div class=\"card\">\n\t<div class=\"card-header\" id=\"knsl-faqHeading-2046\">\n\t\t<div class=\"mb-0\">\n\t\t\t<h6 class=\"knsl-faq-title\" data-toggle=\"collapse\" data-target=\"#knsl-faqCollapse-2046\" data-aria-expanded=\"true\" data-aria-controls=\"knsl-faqCollapse-2046\">\n\t\t\t\t<span class=\"badge\">2<\/span>\n\t\t\t\t\u00bfD\u00f3nde est\u00e1 ubicado el alojamiento?\t\t\t<\/h6>\n\t\t<\/div>\n\t<\/div>\n\t<div id=\"knsl-faqCollapse-2046\" class=\"collapse\" aria-labelledby=\"knsl-faqHeading-2046\" data-parent=\"#accordion\">\n\t\t<div class=\"knsl-card-body\">\n\t\t\t\r\n<p>El lodge se encuentra en Upala, Costa Rica. Puede ver la ubicaci\u00f3n exacta <a href=\"https:\/\/maps.app.goo.gl\/Eufsrw3RRHyhCXC1A\" target=\"_blank\" rel=\"noopener\">here<\/a>.<\/p>\r\n\t\t<\/div>\n\t<\/div>\n<\/div>\n\n\n<div class=\"card\">\n\t<div class=\"card-header\" id=\"knsl-faqHeading-2047\">\n\t\t<div class=\"mb-0\">\n\t\t\t<h6 class=\"knsl-faq-title\" data-toggle=\"collapse\" data-target=\"#knsl-faqCollapse-2047\" data-aria-expanded=\"true\" data-aria-controls=\"knsl-faqCollapse-2047\">\n\t\t\t\t<span class=\"badge\">3<\/span>\n\t\t\t\t\u00bfC\u00f3mo es el clima del lugar?\t\t\t<\/h6>\n\t\t<\/div>\n\t<\/div>\n\t<div id=\"knsl-faqCollapse-2047\" class=\"collapse\" aria-labelledby=\"knsl-faqHeading-2047\" data-parent=\"#accordion\">\n\t\t<div class=\"knsl-card-body\">\n\t\t\t\r\n<p>El clima de la zona var\u00eda seg\u00fan la estaci\u00f3n, aunque suele ser h\u00famedo y algo caluroso.<\/p>\r\n\t\t<\/div>\n\t<\/div>\n<\/div>\n\t\t\t\t\t\t\t<\/div>\n\t\t\t\t\t\t\t\t\t\t\t\t\t\t<h3 class=\"knsl-mb-30\">Pago<\/h3>\n\t\t\t\t\t\t\t<div class=\"knsl-faq knsl-mb-60\" id=\"faq-52\">\n\t\t\t\t\t\t\t\t\n\n<div class=\"card\">\n\t<div class=\"card-header\" id=\"knsl-faqHeading-2053\">\n\t\t<div class=\"mb-0\">\n\t\t\t<h6 class=\"knsl-faq-title\" data-toggle=\"collapse\" data-target=\"#knsl-faqCollapse-2053\" data-aria-expanded=\"true\" data-aria-controls=\"knsl-faqCollapse-2053\">\n\t\t\t\t<span class=\"badge\">1<\/span>\n\t\t\t\t\u00bfPuedo pagar cuando llegue al sitio?\t\t\t<\/h6>\n\t\t<\/div>\n\t<\/div>\n\t<div id=\"knsl-faqCollapse-2053\" class=\"collapse\" aria-labelledby=\"knsl-faqHeading-2053\" data-parent=\"#accordion\">\n\t\t<div class=\"knsl-card-body\">\n\t\t\t\r\n<p>Se requiere un dep\u00f3sito o el pago completo para validar la reserva. En caso de pago por adelantado, puede abonar el resto al llegar al establecimiento.<\/p>\r\n\t\t<\/div>\n\t<\/div>\n<\/div>\n\n\n<div class=\"card\">\n\t<div class=\"card-header\" id=\"knsl-faqHeading-2054\">\n\t\t<div class=\"mb-0\">\n\t\t\t<h6 class=\"knsl-faq-title\" data-toggle=\"collapse\" data-target=\"#knsl-faqCollapse-2054\" data-aria-expanded=\"true\" data-aria-controls=\"knsl-faqCollapse-2054\">\n\t\t\t\t<span class=\"badge\">2<\/span>\n\t\t\t\t\u00bfCu\u00e1les son los m\u00e9todos de pago?\t\t\t<\/h6>\n\t\t<\/div>\n\t<\/div>\n\t<div id=\"knsl-faqCollapse-2054\" class=\"collapse\" aria-labelledby=\"knsl-faqHeading-2054\" data-parent=\"#accordion\">\n\t\t<div class=\"knsl-card-body\">\n\t\t\t\r\n<p>Tenemos dos formas de pago que pueden ser por SINPE M\u00f3vil en caso de que seas de Costa Rica, o PayPal. Si necesita otra forma de pago puede contactarnos.<\/p>\r\n\t\t<\/div>\n\t<\/div>\n<\/div>\n\n\n<div class=\"card\">\n\t<div class=\"card-header\" id=\"knsl-faqHeading-2055\">\n\t\t<div class=\"mb-0\">\n\t\t\t<h6 class=\"knsl-faq-title\" data-toggle=\"collapse\" data-target=\"#knsl-faqCollapse-2055\" data-aria-expanded=\"true\" data-aria-controls=\"knsl-faqCollapse-2055\">\n\t\t\t\t<span class=\"badge\">3<\/span>\n\t\t\t\t\u00bfPuedo contratar servicios por adelantado?\t\t\t<\/h6>\n\t\t<\/div>\n\t<\/div>\n\t<div id=\"knsl-faqCollapse-2055\" class=\"collapse\" aria-labelledby=\"knsl-faqHeading-2055\" data-parent=\"#accordion\">\n\t\t<div class=\"knsl-card-body\">\n\t\t\t<p>No, los servicios no incluidos en la reserva deben contratarse una vez que se llega al alojamiento.<\/p>\n\t\t<\/div>\n\t<\/div>\n<\/div>\n\t\t\t\t\t\t\t<\/div>\n\t\t\t\t\t\t\t\t\t\t\t\t\t\t<h3 class=\"knsl-mb-30\">Servicios<\/h3>\n\t\t\t\t\t\t\t<div class=\"knsl-faq knsl-mb-60\" id=\"faq-59\">\n\t\t\t\t\t\t\t\t\n\n<div class=\"card\">\n\t<div class=\"card-header\" id=\"knsl-faqHeading-2061\">\n\t\t<div class=\"mb-0\">\n\t\t\t<h6 class=\"knsl-faq-title\" data-toggle=\"collapse\" data-target=\"#knsl-faqCollapse-2061\" data-aria-expanded=\"true\" data-aria-controls=\"knsl-faqCollapse-2061\">\n\t\t\t\t<span class=\"badge\">1<\/span>\n\t\t\t\t\u00bfQu\u00e9 servicios incluye el alojamiento?\t\t\t<\/h6>\n\t\t<\/div>\n\t<\/div>\n\t<div id=\"knsl-faqCollapse-2061\" class=\"collapse\" aria-labelledby=\"knsl-faqHeading-2061\" data-parent=\"#accordion\">\n\t\t<div class=\"knsl-card-body\">\n\t\t\t\r\n<p>El alojamiento incluye los servicios de piscina, habitaciones, excursiones, adem\u00e1s, en todas las opciones el desayuno est\u00e1 incluido.<\/p>\r\n\t\t<\/div>\n\t<\/div>\n<\/div>\n\n\n<div class=\"card\">\n\t<div class=\"card-header\" id=\"knsl-faqHeading-2062\">\n\t\t<div class=\"mb-0\">\n\t\t\t<h6 class=\"knsl-faq-title\" data-toggle=\"collapse\" data-target=\"#knsl-faqCollapse-2062\" data-aria-expanded=\"true\" data-aria-controls=\"knsl-faqCollapse-2062\">\n\t\t\t\t<span class=\"badge\">2<\/span>\n\t\t\t\t\u00bfQu\u00e9 otros servicios puedo contratar?\t\t\t<\/h6>\n\t\t<\/div>\n\t<\/div>\n\t<div id=\"knsl-faqCollapse-2062\" class=\"collapse\" aria-labelledby=\"knsl-faqHeading-2062\" data-parent=\"#accordion\">\n\t\t<div class=\"knsl-card-body\">\n\t\t\t\r\n<p>Hay muchas excursiones que se pueden hacer cerca del alojamiento o algunas de ellas se pueden reservar una vez en el alojamiento.<\/p>\r\n\t\t<\/div>\n\t<\/div>\n<\/div>\n\n\n<div class=\"card\">\n\t<div class=\"card-header\" id=\"knsl-faqHeading-2064\">\n\t\t<div class=\"mb-0\">\n\t\t\t<h6 class=\"knsl-faq-title\" data-toggle=\"collapse\" data-target=\"#knsl-faqCollapse-2064\" data-aria-expanded=\"true\" data-aria-controls=\"knsl-faqCollapse-2064\">\n\t\t\t\t<span class=\"badge\">3<\/span>\n\t\t\t\t\u00bfLas caba\u00f1as tienen wifi gratis?\t\t\t<\/h6>\n\t\t<\/div>\n\t<\/div>\n\t<div id=\"knsl-faqCollapse-2064\" class=\"collapse\" aria-labelledby=\"knsl-faqHeading-2064\" data-parent=\"#accordion\">\n\t\t<div class=\"knsl-card-body\">\n\t\t\t\r\n<p>S\u00ed, todas nuestras habitaciones disponen de wifi totalmente gratuito y de buena calidad, as\u00ed que no tienes de qu\u00e9 preocuparte.<\/p>\r\n\t\t<\/div>\n\t<\/div>\n<\/div>\n\t\t\t\t\t\t\t<\/div>\n\t\t\t\t\t\t\t\t\t\t\t\t\t<\/div>\n\t\t\t\t\t\t\t\t\t\t\t<\/section>\n\n\t\t\t\t\t\t\t\t\t\t<section>\n\t\t\t\t\t\t<div class=\"row\">\n\t\t\t\t\t\t\t<div class=\"col-lg-12\">\n\t\t\t\t\t\t\t\t\t\t\t\t\t\t\t\t<h3 class=\"knsl-mb-40 knsl-scroll-animation\">\n\t\t\t\t\t\t\t\t\t<span >\n\t\t\t\t\t\t\t\t\t\t\u00bfNo encontraste la respuesta?\t\t\t\t\t\t\t\t\t<\/span>\n\t\t\t\t\t\t\t\t<\/h3>\n\t\t\t\t\t\t\t\t\t\t\t\t\t\t\t<\/div>\n\t\t\t\t\t\t\t\t\t\t\t\t\t\t<div class=\"col-lg-12\">\n\t\t\t\t\t\t\t\t<div class=\"knsl-scroll-animation-default\">\n\t\t\t\t\t\t\t\t\t<p class=\"wpcf7-contact-form-not-found\"><strong>Error:<\/strong> Contact form not found.<\/p>\t\t\t\t\t\t\t\t<\/div>\n\t\t\t\t\t\t\t<\/div>\n\t\t\t\t\t\t\t\t\t\t\t\t\t<\/div>\n\t\t\t\t\t<\/section>\n\t\t\t\t\t\t\t\t\t<\/div>\n\t\t\t<\/div>\n\n\t\t\t\t<!-- faq end -->\n\n\t\t\t\t\t\t<\/div>\n\t\t\t\t<\/div>\n\t\t\t\t<\/div>\n\t\t\t\t\t<\/div>\n\t\t\t\t<\/div>\n\t\t\t\t<\/div>\n\t\t\t\t<\/div>","protected":false},"excerpt":{"rendered":"<p>Frequently Asked Questions We are available to answer your questions Categories Lodge Payment Services Lodge 1 How do I make&#8230; <span class=\"knsl-el-more\"><a href=\"https:\/\/cabanasdonramiro.com\/es\/faq\/item\/what-is-lorem-ipsum-service\/\" class=\"knsl-btn\">Read more<span class=\"screen-reader-text\">Read more&nbsp;Do the cabins have free wifi?<\/span><\/a><\/span><\/p>","protected":false},"author":1,"featured_media":0,"parent":0,"menu_order":0,"comment_status":"closed","ping_status":"closed","template":"template-layout-builder.php","meta":{"_acf_changed":false,"footnotes":""},"class_list":["post-688","page","type-page","status-publish","hentry"],"acf":[],"yoast_head":"<!-- This site is optimized with the Yoast SEO plugin v25.9 - https:\/\/yoast.com\/wordpress\/plugins\/seo\/ -->\n<title>FAQ - Caba\u00f1as Don Ramiro<\/title>\n<meta name=\"robots\" content=\"index, follow, max-snippet:-1, max-image-preview:large, max-video-preview:-1\" \/>\n<link rel=\"canonical\" href=\"https:\/\/cabanasdonramiro.com\/es\/faq\/\" \/>\n<meta property=\"og:locale\" content=\"es_ES\" \/>\n<meta property=\"og:type\" content=\"article\" \/>\n<meta property=\"og:title\" content=\"FAQ - Caba\u00f1as Don Ramiro\" \/>\n<meta property=\"og:description\" content=\"Frequently Asked Questions We are available to answer your questions Categories Lodge Payment Services Lodge 1 How do I make... Read moreRead more&nbsp;Do the cabins have free wifi?\" \/>\n<meta property=\"og:url\" content=\"https:\/\/cabanasdonramiro.com\/es\/faq\/\" \/>\n<meta property=\"og:site_name\" content=\"Caba\u00f1as Don Ramiro\" \/>\n<meta property=\"article:publisher\" content=\"https:\/\/www.facebook.com\/cabanasdonramiro\" \/>\n<meta property=\"article:modified_time\" content=\"2024-08-08T04:15:30+00:00\" \/>\n<meta name=\"twitter:card\" content=\"summary_large_image\" \/>\n<meta name=\"twitter:label1\" content=\"Est. reading time\" \/>\n\t<meta name=\"twitter:data1\" content=\"2 minutos\" \/>\n<script type=\"application\/ld+json\" class=\"yoast-schema-graph\">{\"@context\":\"https:\/\/schema.org\",\"@graph\":[{\"@type\":\"WebPage\",\"@id\":\"https:\/\/cabanasdonramiro.com\/faq\/\",\"url\":\"https:\/\/cabanasdonramiro.com\/faq\/\",\"name\":\"FAQ - Caba\u00f1as Don Ramiro\",\"isPartOf\":{\"@id\":\"https:\/\/cabanasdonramiro.com\/es\/#website\"},\"datePublished\":\"2021-12-13T19:08:46+00:00\",\"dateModified\":\"2024-08-08T04:15:30+00:00\",\"breadcrumb\":{\"@id\":\"https:\/\/cabanasdonramiro.com\/faq\/#breadcrumb\"},\"inLanguage\":\"es-CR\",\"potentialAction\":[{\"@type\":\"ReadAction\",\"target\":[\"https:\/\/cabanasdonramiro.com\/faq\/\"]}]},{\"@type\":\"BreadcrumbList\",\"@id\":\"https:\/\/cabanasdonramiro.com\/faq\/#breadcrumb\",\"itemListElement\":[{\"@type\":\"ListItem\",\"position\":1,\"name\":\"Home\",\"item\":\"https:\/\/cabanasdonramiro.com\/\"},{\"@type\":\"ListItem\",\"position\":2,\"name\":\"FAQ\"}]},{\"@type\":\"WebSite\",\"@id\":\"https:\/\/cabanasdonramiro.com\/es\/#website\",\"url\":\"https:\/\/cabanasdonramiro.com\/es\/\",\"name\":\"Caba\u00f1as Don Ramiro\",\"description\":\"La combinaci\u00f3n perfecta para tus vacaciones.\",\"publisher\":{\"@id\":\"https:\/\/cabanasdonramiro.com\/es\/#organization\"},\"potentialAction\":[{\"@type\":\"SearchAction\",\"target\":{\"@type\":\"EntryPoint\",\"urlTemplate\":\"https:\/\/cabanasdonramiro.com\/es\/?s={search_term_string}\"},\"query-input\":{\"@type\":\"PropertyValueSpecification\",\"valueRequired\":true,\"valueName\":\"search_term_string\"}}],\"inLanguage\":\"es-CR\"},{\"@type\":\"Organization\",\"@id\":\"https:\/\/cabanasdonramiro.com\/es\/#organization\",\"name\":\"Caba\u00f1as Don Ramiro\",\"url\":\"https:\/\/cabanasdonramiro.com\/es\/\",\"logo\":{\"@type\":\"ImageObject\",\"inLanguage\":\"es-CR\",\"@id\":\"https:\/\/cabanasdonramiro.com\/es\/#\/schema\/logo\/image\/\",\"url\":\"https:\/\/cabanasdonramiro.com\/wp-content\/uploads\/2024\/08\/emails-logo.png\",\"contentUrl\":\"https:\/\/cabanasdonramiro.com\/wp-content\/uploads\/2024\/08\/emails-logo.png\",\"width\":611,\"height\":109,\"caption\":\"Caba\u00f1as Don Ramiro\"},\"image\":{\"@id\":\"https:\/\/cabanasdonramiro.com\/es\/#\/schema\/logo\/image\/\"},\"sameAs\":[\"https:\/\/www.facebook.com\/cabanasdonramiro\"]}]}<\/script>\n<!-- \/ Yoast SEO plugin. -->","yoast_head_json":{"title":"FAQ - Caba\u00f1as Don Ramiro","robots":{"index":"index","follow":"follow","max-snippet":"max-snippet:-1","max-image-preview":"max-image-preview:large","max-video-preview":"max-video-preview:-1"},"canonical":"https:\/\/cabanasdonramiro.com\/es\/faq\/","og_locale":"es_ES","og_type":"article","og_title":"FAQ - Caba\u00f1as Don Ramiro","og_description":"Frequently Asked Questions We are available to answer your questions Categories Lodge Payment Services Lodge 1 How do I make... Read moreRead more&nbsp;Do the cabins have free wifi?","og_url":"https:\/\/cabanasdonramiro.com\/es\/faq\/","og_site_name":"Caba\u00f1as Don Ramiro","article_publisher":"https:\/\/www.facebook.com\/cabanasdonramiro","article_modified_time":"2024-08-08T04:15:30+00:00","twitter_card":"summary_large_image","twitter_misc":{"Est. reading time":"2 minutos"},"schema":{"@context":"https:\/\/schema.org","@graph":[{"@type":"WebPage","@id":"https:\/\/cabanasdonramiro.com\/faq\/","url":"https:\/\/cabanasdonramiro.com\/faq\/","name":"FAQ - Caba\u00f1as Don Ramiro","isPartOf":{"@id":"https:\/\/cabanasdonramiro.com\/es\/#website"},"datePublished":"2021-12-13T19:08:46+00:00","dateModified":"2024-08-08T04:15:30+00:00","breadcrumb":{"@id":"https:\/\/cabanasdonramiro.com\/faq\/#breadcrumb"},"inLanguage":"es-CR","potentialAction":[{"@type":"ReadAction","target":["https:\/\/cabanasdonramiro.com\/faq\/"]}]},{"@type":"BreadcrumbList","@id":"https:\/\/cabanasdonramiro.com\/faq\/#breadcrumb","itemListElement":[{"@type":"ListItem","position":1,"name":"Home","item":"https:\/\/cabanasdonramiro.com\/"},{"@type":"ListItem","position":2,"name":"FAQ"}]},{"@type":"WebSite","@id":"https:\/\/cabanasdonramiro.com\/es\/#website","url":"https:\/\/cabanasdonramiro.com\/es\/","name":"Caba\u00f1as Don Ramiro","description":"La combinaci\u00f3n perfecta para tus vacaciones.","publisher":{"@id":"https:\/\/cabanasdonramiro.com\/es\/#organization"},"potentialAction":[{"@type":"SearchAction","target":{"@type":"EntryPoint","urlTemplate":"https:\/\/cabanasdonramiro.com\/es\/?s={search_term_string}"},"query-input":{"@type":"PropertyValueSpecification","valueRequired":true,"valueName":"search_term_string"}}],"inLanguage":"es-CR"},{"@type":"Organization","@id":"https:\/\/cabanasdonramiro.com\/es\/#organization","name":"Caba\u00f1as Don Ramiro","url":"https:\/\/cabanasdonramiro.com\/es\/","logo":{"@type":"ImageObject","inLanguage":"es-CR","@id":"https:\/\/cabanasdonramiro.com\/es\/#\/schema\/logo\/image\/","url":"https:\/\/cabanasdonramiro.com\/wp-content\/uploads\/2024\/08\/emails-logo.png","contentUrl":"https:\/\/cabanasdonramiro.com\/wp-content\/uploads\/2024\/08\/emails-logo.png","width":611,"height":109,"caption":"Caba\u00f1as Don Ramiro"},"image":{"@id":"https:\/\/cabanasdonramiro.com\/es\/#\/schema\/logo\/image\/"},"sameAs":["https:\/\/www.facebook.com\/cabanasdonramiro"]}]}},"_links":{"self":[{"href":"https:\/\/cabanasdonramiro.com\/es\/wp-json\/wp\/v2\/pages\/688","targetHints":{"allow":["GET"]}}],"collection":[{"href":"https:\/\/cabanasdonramiro.com\/es\/wp-json\/wp\/v2\/pages"}],"about":[{"href":"https:\/\/cabanasdonramiro.com\/es\/wp-json\/wp\/v2\/types\/page"}],"author":[{"embeddable":true,"href":"https:\/\/cabanasdonramiro.com\/es\/wp-json\/wp\/v2\/users\/1"}],"replies":[{"embeddable":true,"href":"https:\/\/cabanasdonramiro.com\/es\/wp-json\/wp\/v2\/comments?post=688"}],"version-history":[{"count":3,"href":"https:\/\/cabanasdonramiro.com\/es\/wp-json\/wp\/v2\/pages\/688\/revisions"}],"predecessor-version":[{"id":9566,"href":"https:\/\/cabanasdonramiro.com\/es\/wp-json\/wp\/v2\/pages\/688\/revisions\/9566"}],"wp:attachment":[{"href":"https:\/\/cabanasdonramiro.com\/es\/wp-json\/wp\/v2\/media?parent=688"}],"curies":[{"name":"wp","href":"https:\/\/api.w.org\/{rel}","templated":true}]}}