{"id":352,"date":"2021-12-11T02:09:37","date_gmt":"2021-12-11T02:09:37","guid":{"rendered":"https:\/\/kinsley-demo.bslthemes.com\/?page_id=352"},"modified":"2025-01-22T18:33:58","modified_gmt":"2025-01-22T18:33:58","slug":"contact","status":"publish","type":"page","link":"https:\/\/cabanasdonramiro.com\/es\/contact\/","title":{"rendered":"Contacto"},"content":{"rendered":"<div data-elementor-type=\"wp-page\" data-elementor-id=\"352\" class=\"elementor elementor-352\">\n\t\t\t\t<div class=\"elementor-element elementor-element-c50cf93 e-con-full e-flex e-con e-parent\" data-id=\"c50cf93\" data-element_type=\"container\" data-e-type=\"container\">\n\t\t<div class=\"elementor-element elementor-element-832400a e-con-full e-flex e-con e-child\" data-id=\"832400a\" data-element_type=\"container\" data-e-type=\"container\">\n\t\t\t\t<div class=\"elementor-element elementor-element-b111784 elementor-widget elementor-widget-kinsley-intro\" data-id=\"b111784\" data-element_type=\"widget\" data-e-type=\"widget\" data-widget_type=\"kinsley-intro.default\">\n\t\t\t\t<div class=\"elementor-widget-container\">\n\t\t\t\t\t\n    <!-- banner -->\n    <section class=\"knsl-banner-simple knsl-transition-bottom knsl-banner-white\">\n      \n\t  \n      <div class=\"container\">\n        <div class=\"row\">\n          <div class=\"col-lg-12\">\n\n            <div class=\"knsl-center knsl-title-frame title-pos-top\">\n                            <h1 class=\"knsl-title--h knsl-mb-20 knsl-h1-inner\">\n                <span >\n                    Estemos en Contacto                <\/span>\n              <\/h1>\n                                          <p class=\"knsl-text knsl-mb-30\">\n                <span >\n                    Nos complace darle la bienvenida a nuestro alojamiento                <\/span>\n              <\/p>\n              \n              \n            <\/div>\n\n          <\/div>\n        <\/div>\n      <\/div>\n    <\/section>\n    <!-- banner end -->\n\n\t\t\t\t\t\t<\/div>\n\t\t\t\t<\/div>\n\t\t\t\t<\/div>\n\t\t\t\t<\/div>\n\t\t<div class=\"elementor-element elementor-element-a0b9c4e e-con-full e-flex e-con e-parent\" data-id=\"a0b9c4e\" data-element_type=\"container\" data-e-type=\"container\">\n\t\t<div class=\"elementor-element elementor-element-b722ed8 e-flex e-con-boxed e-con e-child\" data-id=\"b722ed8\" data-element_type=\"container\" data-e-type=\"container\">\n\t\t\t\t\t<div class=\"e-con-inner\">\n\t\t<div class=\"elementor-element elementor-element-4067701 e-con-full e-flex e-con e-child\" data-id=\"4067701\" data-element_type=\"container\" data-e-type=\"container\">\n\t\t\t\t<div class=\"elementor-element elementor-element-0d4413f elementor-widget elementor-widget-kinsley-section-heading-two\" data-id=\"0d4413f\" data-element_type=\"widget\" data-e-type=\"widget\" data-widget_type=\"kinsley-section-heading-two.default\">\n\t\t\t\t<div class=\"elementor-widget-container\">\n\t\t\t\t\t\n\t\t\t\t<div class=\"knsl-subtitle-two knsl-mb-20\">\n\t\t\t<span >\n\t\t\t\tInformaci\u00f3n de Contacto\t\t\t<\/span>\n\t\t<\/div>\n\t\t\t\t\t\t<h2 class=\"knsl-title-two knsl-mb-30\">\n\t\t\t<span >\n\t\t\t\t\u00a1Estamos a tu Disposici\u00f3n!\t\t\t<\/span>\n\t\t<\/h2>\n\t\t\t\t\t\t<div class=\"knsl-description-two\">\n\t\t\t<div >\n\t\t\t\tEstamos para servirle y hacer que su estancia en Caba\u00f1as Don Ramiro sea excepcional. A continuaci\u00f3n encontrar\u00e1s nuestras opciones de contacto:\t\t\t<\/div>\n\t\t<\/div>\n\t\t\n\t\t\t\t\t\t<\/div>\n\t\t\t\t<\/div>\n\t\t\t\t<div class=\"elementor-element elementor-element-e08c515 elementor-widget elementor-widget-heading\" data-id=\"e08c515\" data-element_type=\"widget\" data-e-type=\"widget\" data-widget_type=\"heading.default\">\n\t\t\t\t<div class=\"elementor-widget-container\">\n\t\t\t\t\t<h4 class=\"elementor-heading-title elementor-size-default\">Direcci\u00f3n:<\/h4>\t\t\t\t<\/div>\n\t\t\t\t<\/div>\n\t\t\t\t<div class=\"elementor-element elementor-element-51b1c37 elementor-widget elementor-widget-text-editor\" data-id=\"51b1c37\" data-element_type=\"widget\" data-e-type=\"widget\" data-widget_type=\"text-editor.default\">\n\t\t\t\t<div class=\"elementor-widget-container\">\n\t\t\t\t\t\t\t\t\t<p>Gavilan, Buenos Aires, Upala, Costa Rica<br \/>21301 Colonia Dos R\u00edos, Costa Rica<\/p>\t\t\t\t\t\t\t\t<\/div>\n\t\t\t\t<\/div>\n\t\t\t\t<div class=\"elementor-element elementor-element-60393ba elementor-widget elementor-widget-heading\" data-id=\"60393ba\" data-element_type=\"widget\" data-e-type=\"widget\" data-widget_type=\"heading.default\">\n\t\t\t\t<div class=\"elementor-widget-container\">\n\t\t\t\t\t<h4 class=\"elementor-heading-title elementor-size-default\">Tel\u00e9fono:<\/h4>\t\t\t\t<\/div>\n\t\t\t\t<\/div>\n\t\t\t\t<div class=\"elementor-element elementor-element-583f40d elementor-widget elementor-widget-text-editor\" data-id=\"583f40d\" data-element_type=\"widget\" data-e-type=\"widget\" data-widget_type=\"text-editor.default\">\n\t\t\t\t<div class=\"elementor-widget-container\">\n\t\t\t\t\t\t\t\t\t<p>+506 8706 1570<\/p>\t\t\t\t\t\t\t\t<\/div>\n\t\t\t\t<\/div>\n\t\t\t\t<\/div>\n\t\t<div class=\"elementor-element elementor-element-e326c7b e-con-full e-flex e-con e-child\" data-id=\"e326c7b\" data-element_type=\"container\" data-e-type=\"container\">\n\t\t\t\t<\/div>\n\t\t<div class=\"elementor-element elementor-element-8a5bf66 e-con-full e-flex e-con e-child\" data-id=\"8a5bf66\" data-element_type=\"container\" data-e-type=\"container\">\n\t\t\t\t<div class=\"elementor-element elementor-element-81df65d elementor-widget elementor-widget-image\" data-id=\"81df65d\" data-element_type=\"widget\" data-e-type=\"widget\" data-widget_type=\"image.default\">\n\t\t\t\t<div class=\"elementor-widget-container\">\n\t\t\t\t\t\t\t\t\t\t\t\t\t\t\t<img fetchpriority=\"high\" decoding=\"async\" width=\"960\" height=\"720\" src=\"https:\/\/cabanasdonramiro.com\/wp-content\/uploads\/2024\/08\/volcan-2.jpg\" class=\"attachment-full size-full wp-image-9571\" alt=\"\" srcset=\"https:\/\/cabanasdonramiro.com\/wp-content\/uploads\/2024\/08\/volcan-2.jpg 960w, https:\/\/cabanasdonramiro.com\/wp-content\/uploads\/2024\/08\/volcan-2-300x225.jpg 300w, https:\/\/cabanasdonramiro.com\/wp-content\/uploads\/2024\/08\/volcan-2-768x576.jpg 768w, https:\/\/cabanasdonramiro.com\/wp-content\/uploads\/2024\/08\/volcan-2-950x713.jpg 950w, https:\/\/cabanasdonramiro.com\/wp-content\/uploads\/2024\/08\/volcan-2-800x600.jpg 800w\" sizes=\"(max-width: 960px) 100vw, 960px\" \/>\t\t\t\t\t\t\t\t\t\t\t\t\t\t\t<\/div>\n\t\t\t\t<\/div>\n\t\t\t\t<\/div>\n\t\t\t\t\t<\/div>\n\t\t\t\t<\/div>\n\t\t\t\t<\/div>\n\t\t<div class=\"elementor-element elementor-element-1a53c2e e-con-full e-flex e-con e-parent\" data-id=\"1a53c2e\" data-element_type=\"container\" data-e-type=\"container\">\n\t\t<div class=\"elementor-element elementor-element-08b78b7 e-flex e-con-boxed e-con e-child\" data-id=\"08b78b7\" data-element_type=\"container\" data-e-type=\"container\" data-settings=\"{&quot;background_background&quot;:&quot;classic&quot;}\">\n\t\t\t\t\t<div class=\"e-con-inner\">\n\t\t<div class=\"elementor-element elementor-element-1526ba1 e-con-full e-flex e-con e-child\" data-id=\"1526ba1\" data-element_type=\"container\" data-e-type=\"container\">\n\t\t\t\t<div class=\"elementor-element elementor-element-a6757b0 elementor-widget elementor-widget-kinsley-contact-info\" data-id=\"a6757b0\" data-element_type=\"widget\" data-e-type=\"widget\" data-widget_type=\"kinsley-contact-info.default\">\n\t\t\t\t<div class=\"elementor-widget-container\">\n\t\t\t\t\t\n\t\t<!-- contact -->\n    \t<section>\n\t\t\t<div id=\"knsl-triger-1\"><\/div>\n\t\t\t\n\t\t\t<!-- features card -->\n\t\t\t<div class=\"knsl-features-card\">\n\t\t\t\t\t\t\t\t<div class=\"row\">\n\t\t\t\t\t\t\t\t\t\t<div class=\"col-12 col-lg-4\">\n\t\t\t\t\t\t<!-- icon box -->\n\t\t\t\t\t\t<div class=\"knsl-icon-box\">\n\t\t\t\t\t\t\t\t\t\t\t\t\t\t<img decoding=\"async\" src=\"https:\/\/cabanasdonramiro.com\/wp-content\/uploads\/2024\/03\/044-hotel.svg\" alt=\"icon\" class=\"knsl-mb-10\" \/>\n\t\t\t\t\t\t\t\t\t\t\t\t\t\t\t\t\t\t\t\t\t<h5 class=\"knsl-mb-10\">\n\t\t\t\t\t\t\t\t<span >\n\t\t\t\t\t\t\t\t\tVis\u00edtanos\t\t\t\t\t\t\t\t<\/span>\n\t\t\t\t\t\t\t<\/h5>\n\t\t\t\t\t\t\t\t\t\t\t\t\t\t\t\t\t\t\t\t\t<p>\n\t\t\t\t\t\t\t\t<span >\n\t\t\t\t\t\t\t\t\tGavilan, Buenos Aires ,Upala, Costa Rica,\n21301 Colonia Dos R\u00edos, Costa Rica\t\t\t\t\t\t\t\t<\/span>\n\t\t\t\t\t\t\t<\/p>\n\t\t\t\t\t\t\t\t\t\t\t\t\t<\/div>\n\t\t\t\t\t\t<!-- icon box end -->\n\t\t\t\t\t<\/div>\n\t\t\t\t\t\t\t\t\t\t<div class=\"col-12 col-lg-4\">\n\t\t\t\t\t\t<!-- icon box -->\n\t\t\t\t\t\t<div class=\"knsl-icon-box\">\n\t\t\t\t\t\t\t\t\t\t\t\t\t\t<img decoding=\"async\" src=\"https:\/\/cabanasdonramiro.com\/wp-content\/uploads\/2024\/03\/phone_19.svg\" alt=\"icon\" class=\"knsl-mb-10\" \/>\n\t\t\t\t\t\t\t\t\t\t\t\t\t\t\t\t\t\t\t\t\t<h5 class=\"knsl-mb-10\">\n\t\t\t\t\t\t\t\t<span >\n\t\t\t\t\t\t\t\t\tLlamanos\t\t\t\t\t\t\t\t<\/span>\n\t\t\t\t\t\t\t<\/h5>\n\t\t\t\t\t\t\t\t\t\t\t\t\t\t\t\t\t\t\t\t\t<p>\n\t\t\t\t\t\t\t\t<span >\n\t\t\t\t\t\t\t\t\t+506 8706 1570\t\t\t\t\t\t\t\t<\/span>\n\t\t\t\t\t\t\t<\/p>\n\t\t\t\t\t\t\t\t\t\t\t\t\t<\/div>\n\t\t\t\t\t\t<!-- icon box end -->\n\t\t\t\t\t<\/div>\n\t\t\t\t\t\t\t\t\t\t<div class=\"col-12 col-lg-4\">\n\t\t\t\t\t\t<!-- icon box -->\n\t\t\t\t\t\t<div class=\"knsl-icon-box\">\n\t\t\t\t\t\t\t\t\t\t\t\t\t\t<img decoding=\"async\" src=\"https:\/\/cabanasdonramiro.com\/wp-content\/uploads\/2024\/03\/email_32.svg\" alt=\"icon\" class=\"knsl-mb-10\" \/>\n\t\t\t\t\t\t\t\t\t\t\t\t\t\t\t\t\t\t\t\t\t<h5 class=\"knsl-mb-10\">\n\t\t\t\t\t\t\t\t<span >\n\t\t\t\t\t\t\t\t\tEscribenos\t\t\t\t\t\t\t\t<\/span>\n\t\t\t\t\t\t\t<\/h5>\n\t\t\t\t\t\t\t\t\t\t\t\t\t\t\t\t\t\t\t\t\t<p>\n\t\t\t\t\t\t\t\t<span >\n\t\t\t\t\t\t\t\t\tranchoencantodelricon@gmail.com\t\t\t\t\t\t\t\t<\/span>\n\t\t\t\t\t\t\t<\/p>\n\t\t\t\t\t\t\t\t\t\t\t\t\t<\/div>\n\t\t\t\t\t\t<!-- icon box end -->\n\t\t\t\t\t<\/div>\n\t\t\t\t\t\t\t\t\t<\/div>\n\t\t\t\t\t\t\t<\/div>\n\t\t\t<!-- contact end -->\n\n\t\t\t    \t<\/section>\n\n\t\t\t\t\t\t<\/div>\n\t\t\t\t<\/div>\n\t\t\t\t<\/div>\n\t\t<div class=\"elementor-element elementor-element-f9c1f05 e-con-full e-flex e-con e-child\" data-id=\"f9c1f05\" data-element_type=\"container\" data-e-type=\"container\">\n\t\t\t\t<div class=\"elementor-element elementor-element-8426a0e elementor-widget__width-initial elementor-widget elementor-widget-kinsley-section-heading-two\" data-id=\"8426a0e\" data-element_type=\"widget\" data-e-type=\"widget\" data-widget_type=\"kinsley-section-heading-two.default\">\n\t\t\t\t<div class=\"elementor-widget-container\">\n\t\t\t\t\t\n\t\t\t\t<div class=\"knsl-subtitle-two knsl-mb-20\">\n\t\t\t<span >\n\t\t\t\tNuestro equipo est\u00e1 disponible\t\t\t<\/span>\n\t\t<\/div>\n\t\t\t\t\t\t<h2 class=\"knsl-title-two knsl-mb-30\">\n\t\t\t<span >\n\t\t\t\tEscribe un Mensaje\t\t\t<\/span>\n\t\t<\/h2>\n\t\t\t\t\n\t\t\t\t\t\t<\/div>\n\t\t\t\t<\/div>\n\t\t\t\t<\/div>\n\t\t<div class=\"elementor-element elementor-element-68f397b e-con-full e-flex e-con e-child\" data-id=\"68f397b\" data-element_type=\"container\" data-e-type=\"container\">\n\t\t\t\t<div class=\"elementor-element elementor-element-2dc13da elementor-widget elementor-widget-kinsley-contact-form\" data-id=\"2dc13da\" data-element_type=\"widget\" data-e-type=\"widget\" data-widget_type=\"kinsley-contact-form.default\">\n\t\t\t\t<div class=\"elementor-widget-container\">\n\t\t\t\t\t\n\t\t<section class=\"knsl-transition-none knsl-p-0-100\">\n\t\t\t\t\t\t\t\t\t\t<div class=\"row\">\n\t\t\t\t\t\t\t\t\t\t\t\t\t\t\t<div class=\"col-lg-12\">\n\t\t\t\t\t\t<div class=\"knsl-scroll-animation-default\">\n\t\t\t\t\t\t\n<div class=\"wpcf7 no-js\" id=\"wpcf7-f10006-o1\" lang=\"en-US\" dir=\"ltr\" data-wpcf7-id=\"10006\">\n<div class=\"screen-reader-response\"><p role=\"status\" aria-live=\"polite\" aria-atomic=\"true\"><\/p> <ul><\/ul><\/div>\n<form action=\"\/es\/wp-json\/wp\/v2\/pages\/352#wpcf7-f10006-o1\" method=\"post\" class=\"wpcf7-form init\" aria-label=\"Contact form\" novalidate=\"novalidate\" data-status=\"init\" data-trp-original-action=\"\/es\/wp-json\/wp\/v2\/pages\/352#wpcf7-f10006-o1\">\n<div style=\"display: none;\">\n<input type=\"hidden\" name=\"_wpcf7\" value=\"10006\" \/>\n<input type=\"hidden\" name=\"_wpcf7_version\" value=\"6.0.6\" \/>\n<input type=\"hidden\" name=\"_wpcf7_locale\" value=\"en_US\" \/>\n<input type=\"hidden\" name=\"_wpcf7_unit_tag\" value=\"wpcf7-f10006-o1\" \/>\n<input type=\"hidden\" name=\"_wpcf7_container_post\" value=\"0\" \/>\n<input type=\"hidden\" name=\"_wpcf7_posted_data_hash\" value=\"\" \/>\n<input type=\"hidden\" name=\"_wpcf7_recaptcha_response\" value=\"\" \/>\n<\/div>\n<div class=\"row\">\n  <div class=\"col-lg-6\">\n    <span class=\"wpcf7-form-control-wrap\" data-name=\"cf-name\"><input size=\"40\" maxlength=\"400\" class=\"wpcf7-form-control wpcf7-text wpcf7-validates-as-required\" aria-required=\"true\" aria-invalid=\"false\" placeholder=\"Nombre\" value=\"\" type=\"text\" name=\"cf-name\" \/><\/span>\n  <\/div>\n  <div class=\"col-lg-6\">\n    <span class=\"wpcf7-form-control-wrap\" data-name=\"cf-email\"><input size=\"40\" maxlength=\"400\" class=\"wpcf7-form-control wpcf7-email wpcf7-validates-as-required wpcf7-text wpcf7-validates-as-email\" aria-required=\"true\" aria-invalid=\"false\" placeholder=\"Correo\" value=\"\" type=\"email\" name=\"cf-email\" \/><\/span>\n  <\/div>\n  <div class=\"col-lg-12\">\n    <span class=\"wpcf7-form-control-wrap\" data-name=\"cf-message\"><textarea cols=\"40\" rows=\"10\" maxlength=\"2000\" class=\"wpcf7-form-control wpcf7-textarea\" aria-invalid=\"false\" placeholder=\"Mensaje\" name=\"cf-message\"><\/textarea><\/span>\n  <\/div>\n  <p class=\"col-lg-12 knsl-text-sm\"><small>*Nos comprometemos a no revelar sus datos personales a terceros.<\/small><\/p>\n  <div class=\"col-lg-12\">\n    <div class=\"knsl-form-submit-frame\">\n      <button type=\"submit\" class=\"knsl-btn\">Enviar<\/button>\n\n    <\/div>\n  <\/div>\n<\/div><div class=\"wpcf7-response-output\" aria-hidden=\"true\"><\/div>\n<input type=\"hidden\" name=\"trp-form-language\" value=\"es\"\/><\/form>\n<\/div>\n\t\t\t\t\t\t<\/div>\n\t\t\t\t\t<\/div>\n\t\t\t\t\t\t\t\t\t<\/div>\n\t\t\t\t\t<\/section>\n\n\t\t\t\t\t\t<\/div>\n\t\t\t\t<\/div>\n\t\t\t\t<\/div>\n\t\t\t\t\t<\/div>\n\t\t\t\t<\/div>\n\t\t\t\t<\/div>\n\t\t<div class=\"elementor-element elementor-element-4b4dedc e-con-full e-flex e-con e-parent\" data-id=\"4b4dedc\" data-element_type=\"container\" data-e-type=\"container\">\n\t\t<div class=\"elementor-element elementor-element-2e2082f e-flex e-con-boxed e-con e-child\" data-id=\"2e2082f\" data-element_type=\"container\" data-e-type=\"container\">\n\t\t\t\t\t<div class=\"e-con-inner\">\n\t\t<div class=\"elementor-element elementor-element-c9bfa16 e-con-full e-flex e-con e-child\" data-id=\"c9bfa16\" data-element_type=\"container\" data-e-type=\"container\">\n\t\t\t\t<div class=\"elementor-element elementor-element-b902d52 elementor-widget__width-initial elementor-widget elementor-widget-kinsley-section-heading-two\" data-id=\"b902d52\" data-element_type=\"widget\" data-e-type=\"widget\" data-widget_type=\"kinsley-section-heading-two.default\">\n\t\t\t\t<div class=\"elementor-widget-container\">\n\t\t\t\t\t\n\t\t\t\t<div class=\"knsl-subtitle-two knsl-mb-20\">\n\t\t\t<span >\n\t\t\t\tNuestro equipo est\u00e1 disponible\t\t\t<\/span>\n\t\t<\/div>\n\t\t\t\t\t\t<h2 class=\"knsl-title-two knsl-mb-30\">\n\t\t\t<span >\n\t\t\t\tPreguntas Frecuentes\t\t\t<\/span>\n\t\t<\/h2>\n\t\t\t\t\n\t\t\t\t\t\t<\/div>\n\t\t\t\t<\/div>\n\t\t\t\t<div class=\"elementor-element elementor-element-f6e119b elementor-hidden-mobile elementor-widget elementor-widget-kinsley-buttons\" data-id=\"f6e119b\" data-element_type=\"widget\" data-e-type=\"widget\" data-widget_type=\"kinsley-buttons.default\">\n\t\t\t\t<div class=\"elementor-widget-container\">\n\t\t\t\t\t\n        <!-- action button -->\n        <a  href=\"\/es\/apartment\/faq\/\" class=\"knsl-btn knsl-btn-md\">\n                        <span >\n            Ver preguntas frecuentes            <\/span>\n        <\/a>\n        <!-- action button end -->\n\n\t\t\t\t\t\t<\/div>\n\t\t\t\t<\/div>\n\t\t\t\t<\/div>\n\t\t\t\t\t<\/div>\n\t\t\t\t<\/div>\n\t\t\t\t<\/div>\n\t\t\t\t<\/div>","protected":false},"excerpt":{"rendered":"<p>Get in Touch We glad to welcome you to our lodge CONTACT INFORMATION We Are At Your Disposal! We are&#8230; <span class=\"knsl-el-more\"><a href=\"https:\/\/cabanasdonramiro.com\/es\/contact\/\" class=\"knsl-btn\">Read more<span class=\"screen-reader-text\">Read more&nbsp;Contact<\/span><\/a><\/span><\/p>","protected":false},"author":1,"featured_media":0,"parent":0,"menu_order":0,"comment_status":"closed","ping_status":"closed","template":"template-layout-builder.php","meta":{"_acf_changed":false,"footnotes":""},"class_list":["post-352","page","type-page","status-publish","hentry"],"acf":[],"yoast_head":"<!-- This site is optimized with the Yoast SEO plugin v25.9 - https:\/\/yoast.com\/wordpress\/plugins\/seo\/ -->\n<title>Contact - Caba\u00f1as Don Ramiro<\/title>\n<meta name=\"robots\" content=\"index, follow, max-snippet:-1, max-image-preview:large, max-video-preview:-1\" \/>\n<link rel=\"canonical\" href=\"https:\/\/cabanasdonramiro.com\/es\/contact\/\" \/>\n<meta property=\"og:locale\" content=\"es_ES\" \/>\n<meta property=\"og:type\" content=\"article\" \/>\n<meta property=\"og:title\" content=\"Contact - Caba\u00f1as Don Ramiro\" \/>\n<meta property=\"og:description\" content=\"Get in Touch We glad to welcome you to our lodge CONTACT INFORMATION We Are At Your Disposal! We are... Read moreRead more&nbsp;Contact\" \/>\n<meta property=\"og:url\" content=\"https:\/\/cabanasdonramiro.com\/es\/contact\/\" \/>\n<meta property=\"og:site_name\" content=\"Caba\u00f1as Don Ramiro\" \/>\n<meta property=\"article:publisher\" content=\"https:\/\/www.facebook.com\/cabanasdonramiro\" \/>\n<meta property=\"article:modified_time\" content=\"2025-01-22T18:33:58+00:00\" \/>\n<meta property=\"og:image\" content=\"https:\/\/cabanasdonramiro.com\/wp-content\/uploads\/2024\/08\/volcan-2.jpg\" \/>\n\t<meta property=\"og:image:width\" content=\"960\" \/>\n\t<meta property=\"og:image:height\" content=\"720\" \/>\n\t<meta property=\"og:image:type\" content=\"image\/jpeg\" \/>\n<meta name=\"twitter:card\" content=\"summary_large_image\" \/>\n<meta name=\"twitter:label1\" content=\"Est. reading time\" \/>\n\t<meta name=\"twitter:data1\" content=\"1 minuto\" \/>\n<script type=\"application\/ld+json\" class=\"yoast-schema-graph\">{\"@context\":\"https:\/\/schema.org\",\"@graph\":[{\"@type\":\"WebPage\",\"@id\":\"https:\/\/cabanasdonramiro.com\/contact\/\",\"url\":\"https:\/\/cabanasdonramiro.com\/contact\/\",\"name\":\"Contact - Caba\u00f1as Don Ramiro\",\"isPartOf\":{\"@id\":\"https:\/\/cabanasdonramiro.com\/es\/#website\"},\"primaryImageOfPage\":{\"@id\":\"https:\/\/cabanasdonramiro.com\/contact\/#primaryimage\"},\"image\":{\"@id\":\"https:\/\/cabanasdonramiro.com\/contact\/#primaryimage\"},\"thumbnailUrl\":\"https:\/\/cabanasdonramiro.com\/wp-content\/uploads\/2024\/08\/volcan-2.jpg\",\"datePublished\":\"2021-12-11T02:09:37+00:00\",\"dateModified\":\"2025-01-22T18:33:58+00:00\",\"breadcrumb\":{\"@id\":\"https:\/\/cabanasdonramiro.com\/contact\/#breadcrumb\"},\"inLanguage\":\"es-CR\",\"potentialAction\":[{\"@type\":\"ReadAction\",\"target\":[\"https:\/\/cabanasdonramiro.com\/contact\/\"]}]},{\"@type\":\"ImageObject\",\"inLanguage\":\"es-CR\",\"@id\":\"https:\/\/cabanasdonramiro.com\/contact\/#primaryimage\",\"url\":\"https:\/\/cabanasdonramiro.com\/wp-content\/uploads\/2024\/08\/volcan-2.jpg\",\"contentUrl\":\"https:\/\/cabanasdonramiro.com\/wp-content\/uploads\/2024\/08\/volcan-2.jpg\"},{\"@type\":\"BreadcrumbList\",\"@id\":\"https:\/\/cabanasdonramiro.com\/contact\/#breadcrumb\",\"itemListElement\":[{\"@type\":\"ListItem\",\"position\":1,\"name\":\"Home\",\"item\":\"https:\/\/cabanasdonramiro.com\/\"},{\"@type\":\"ListItem\",\"position\":2,\"name\":\"Contact\"}]},{\"@type\":\"WebSite\",\"@id\":\"https:\/\/cabanasdonramiro.com\/es\/#website\",\"url\":\"https:\/\/cabanasdonramiro.com\/es\/\",\"name\":\"Caba\u00f1as Don Ramiro\",\"description\":\"La combinaci\u00f3n perfecta para tus vacaciones.\",\"publisher\":{\"@id\":\"https:\/\/cabanasdonramiro.com\/es\/#organization\"},\"potentialAction\":[{\"@type\":\"SearchAction\",\"target\":{\"@type\":\"EntryPoint\",\"urlTemplate\":\"https:\/\/cabanasdonramiro.com\/es\/?s={search_term_string}\"},\"query-input\":{\"@type\":\"PropertyValueSpecification\",\"valueRequired\":true,\"valueName\":\"search_term_string\"}}],\"inLanguage\":\"es-CR\"},{\"@type\":\"Organization\",\"@id\":\"https:\/\/cabanasdonramiro.com\/es\/#organization\",\"name\":\"Caba\u00f1as Don Ramiro\",\"url\":\"https:\/\/cabanasdonramiro.com\/es\/\",\"logo\":{\"@type\":\"ImageObject\",\"inLanguage\":\"es-CR\",\"@id\":\"https:\/\/cabanasdonramiro.com\/es\/#\/schema\/logo\/image\/\",\"url\":\"https:\/\/cabanasdonramiro.com\/wp-content\/uploads\/2024\/08\/emails-logo.png\",\"contentUrl\":\"https:\/\/cabanasdonramiro.com\/wp-content\/uploads\/2024\/08\/emails-logo.png\",\"width\":611,\"height\":109,\"caption\":\"Caba\u00f1as Don Ramiro\"},\"image\":{\"@id\":\"https:\/\/cabanasdonramiro.com\/es\/#\/schema\/logo\/image\/\"},\"sameAs\":[\"https:\/\/www.facebook.com\/cabanasdonramiro\"]}]}<\/script>\n<!-- \/ Yoast SEO plugin. -->","yoast_head_json":{"title":"Contact - Caba\u00f1as Don Ramiro","robots":{"index":"index","follow":"follow","max-snippet":"max-snippet:-1","max-image-preview":"max-image-preview:large","max-video-preview":"max-video-preview:-1"},"canonical":"https:\/\/cabanasdonramiro.com\/es\/contact\/","og_locale":"es_ES","og_type":"article","og_title":"Contact - Caba\u00f1as Don Ramiro","og_description":"Get in Touch We glad to welcome you to our lodge CONTACT INFORMATION We Are At Your Disposal! We are... Read moreRead more&nbsp;Contact","og_url":"https:\/\/cabanasdonramiro.com\/es\/contact\/","og_site_name":"Caba\u00f1as Don Ramiro","article_publisher":"https:\/\/www.facebook.com\/cabanasdonramiro","article_modified_time":"2025-01-22T18:33:58+00:00","og_image":[{"width":960,"height":720,"url":"https:\/\/cabanasdonramiro.com\/wp-content\/uploads\/2024\/08\/volcan-2.jpg","type":"image\/jpeg"}],"twitter_card":"summary_large_image","twitter_misc":{"Est. reading time":"1 minuto"},"schema":{"@context":"https:\/\/schema.org","@graph":[{"@type":"WebPage","@id":"https:\/\/cabanasdonramiro.com\/contact\/","url":"https:\/\/cabanasdonramiro.com\/contact\/","name":"Contact - Caba\u00f1as Don Ramiro","isPartOf":{"@id":"https:\/\/cabanasdonramiro.com\/es\/#website"},"primaryImageOfPage":{"@id":"https:\/\/cabanasdonramiro.com\/contact\/#primaryimage"},"image":{"@id":"https:\/\/cabanasdonramiro.com\/contact\/#primaryimage"},"thumbnailUrl":"https:\/\/cabanasdonramiro.com\/wp-content\/uploads\/2024\/08\/volcan-2.jpg","datePublished":"2021-12-11T02:09:37+00:00","dateModified":"2025-01-22T18:33:58+00:00","breadcrumb":{"@id":"https:\/\/cabanasdonramiro.com\/contact\/#breadcrumb"},"inLanguage":"es-CR","potentialAction":[{"@type":"ReadAction","target":["https:\/\/cabanasdonramiro.com\/contact\/"]}]},{"@type":"ImageObject","inLanguage":"es-CR","@id":"https:\/\/cabanasdonramiro.com\/contact\/#primaryimage","url":"https:\/\/cabanasdonramiro.com\/wp-content\/uploads\/2024\/08\/volcan-2.jpg","contentUrl":"https:\/\/cabanasdonramiro.com\/wp-content\/uploads\/2024\/08\/volcan-2.jpg"},{"@type":"BreadcrumbList","@id":"https:\/\/cabanasdonramiro.com\/contact\/#breadcrumb","itemListElement":[{"@type":"ListItem","position":1,"name":"Home","item":"https:\/\/cabanasdonramiro.com\/"},{"@type":"ListItem","position":2,"name":"Contact"}]},{"@type":"WebSite","@id":"https:\/\/cabanasdonramiro.com\/es\/#website","url":"https:\/\/cabanasdonramiro.com\/es\/","name":"Caba\u00f1as Don Ramiro","description":"La combinaci\u00f3n perfecta para tus vacaciones.","publisher":{"@id":"https:\/\/cabanasdonramiro.com\/es\/#organization"},"potentialAction":[{"@type":"SearchAction","target":{"@type":"EntryPoint","urlTemplate":"https:\/\/cabanasdonramiro.com\/es\/?s={search_term_string}"},"query-input":{"@type":"PropertyValueSpecification","valueRequired":true,"valueName":"search_term_string"}}],"inLanguage":"es-CR"},{"@type":"Organization","@id":"https:\/\/cabanasdonramiro.com\/es\/#organization","name":"Caba\u00f1as Don Ramiro","url":"https:\/\/cabanasdonramiro.com\/es\/","logo":{"@type":"ImageObject","inLanguage":"es-CR","@id":"https:\/\/cabanasdonramiro.com\/es\/#\/schema\/logo\/image\/","url":"https:\/\/cabanasdonramiro.com\/wp-content\/uploads\/2024\/08\/emails-logo.png","contentUrl":"https:\/\/cabanasdonramiro.com\/wp-content\/uploads\/2024\/08\/emails-logo.png","width":611,"height":109,"caption":"Caba\u00f1as Don Ramiro"},"image":{"@id":"https:\/\/cabanasdonramiro.com\/es\/#\/schema\/logo\/image\/"},"sameAs":["https:\/\/www.facebook.com\/cabanasdonramiro"]}]}},"_links":{"self":[{"href":"https:\/\/cabanasdonramiro.com\/es\/wp-json\/wp\/v2\/pages\/352","targetHints":{"allow":["GET"]}}],"collection":[{"href":"https:\/\/cabanasdonramiro.com\/es\/wp-json\/wp\/v2\/pages"}],"about":[{"href":"https:\/\/cabanasdonramiro.com\/es\/wp-json\/wp\/v2\/types\/page"}],"author":[{"embeddable":true,"href":"https:\/\/cabanasdonramiro.com\/es\/wp-json\/wp\/v2\/users\/1"}],"replies":[{"embeddable":true,"href":"https:\/\/cabanasdonramiro.com\/es\/wp-json\/wp\/v2\/comments?post=352"}],"version-history":[{"count":18,"href":"https:\/\/cabanasdonramiro.com\/es\/wp-json\/wp\/v2\/pages\/352\/revisions"}],"predecessor-version":[{"id":10009,"href":"https:\/\/cabanasdonramiro.com\/es\/wp-json\/wp\/v2\/pages\/352\/revisions\/10009"}],"wp:attachment":[{"href":"https:\/\/cabanasdonramiro.com\/es\/wp-json\/wp\/v2\/media?parent=352"}],"curies":[{"name":"wp","href":"https:\/\/api.w.org\/{rel}","templated":true}]}}